{"id":118902,"date":"2016-06-23T16:53:52","date_gmt":"2016-06-23T19:53:52","guid":{"rendered":"https:\/\/juicechan.net\/?page_id=118902"},"modified":"2023-02-05T21:06:11","modified_gmt":"2023-02-06T00:06:11","slug":"contato","status":"publish","type":"page","link":"https:\/\/juicechan.net\/contato\/","title":{"rendered":"Contato"},"content":{"rendered":"<p>Nosso Site\u00a0cont\u00e9m conte\u00fado destinado a maiores de idade, portanto ao acessar o site e continuar nele voc\u00ea est\u00e1 concordando que tem mais de 18 anos de idade. Todo o conte\u00fado que se encontram est\u00e3o hospedados na pr\u00f3pria Internet, em outros sites que habilitaram a divulga\u00e7\u00e3o, portanto n\u00e3o somos respons\u00e1veis pela sua manuten\u00e7\u00e3o e tampouco hospedagem, o que isenta os administradores e demais usu\u00e1rios de quaisquer responsabilidades. N\u00e3o exibimos imagens de menores e se algum link que tenha aqui lhes prejudica de alguma forma, por favor n\u00f3s envie um e-mail informando e confirmado sua raz\u00e3o e direito ser\u00e1 apagado imediatamente.<\/p>\n<p>Somos totalmente contra a Pedofilia. Qualquer imagem ou v\u00eddeo enviado ao site ser\u00e1 analisado e se o conte\u00fado for considerado ilegal ser\u00e1 denunciado imediatamente.<\/p>\n<p>Envie um e-mail para <strong>juicechan.net@gmail.com<\/strong><\/p>\n<p><strong><span style=\"color: #ff0000;\">Aviso: O formul\u00e1rio abaixo n\u00e3o esta funcionando<\/span><\/strong><\/p>\n","protected":false},"excerpt":{"rendered":"<p>Nosso Site\u00a0cont\u00e9m conte\u00fado destinado a maiores de idade, portanto ao acessar o site e continuar nele voc\u00ea est\u00e1 concordando que tem mais de 18 anos de idade. Todo o conte\u00fado que se encontram est\u00e3o hospedados na pr\u00f3pria Internet, em outros sites que habilitaram a divulga\u00e7\u00e3o, portanto n\u00e3o somos respons\u00e1veis pela sua manuten\u00e7\u00e3o e tampouco hospedagem, [&hellip;]<\/p>\n","protected":false},"author":2,"featured_media":0,"parent":0,"menu_order":0,"comment_status":"closed","ping_status":"closed","template":"","meta":{"footnotes":""},"class_list":["post-118902","page","type-page","status-publish","hentry"],"yoast_head":"<!-- This site is optimized with the Yoast SEO plugin v27.3 - https:\/\/yoast.com\/product\/yoast-seo-wordpress\/ -->\n<title>Contato - Caiu Na Net Amadoras Videos E FotosContato - JuiceChan Fotos Amadoras Caiu Na Net<\/title>\n<meta name=\"description\" content=\"Nosso Site\u00a0cont\u00e9m conte\u00fado destinado a maiores de idade, portanto ao acessar o site e continuar nele voc\u00ea est\u00e1 concordando que tem mais de 18 anos de\" \/>\n<meta name=\"robots\" content=\"index, follow, max-snippet:-1, max-image-preview:large, max-video-preview:-1\" \/>\n<link rel=\"canonical\" href=\"https:\/\/juicechan.net\/contato\/\" \/>\n<meta property=\"og:locale\" content=\"pt_BR\" \/>\n<meta property=\"og:type\" content=\"article\" \/>\n<meta property=\"og:title\" content=\"Contato - Caiu na Net Amadoras Videos e FotosContato - JuiceChan Fotos Amadoras Caiu na Net\" \/>\n<meta property=\"og:description\" content=\"Nosso Site\u00a0cont\u00e9m conte\u00fado destinado a maiores de idade, portanto ao acessar o site e continuar nele voc\u00ea est\u00e1 concordando que tem mais de 18 anos de\" \/>\n<meta property=\"og:url\" content=\"https:\/\/juicechan.net\/contato\/\" \/>\n<meta property=\"og:site_name\" content=\"JuiceChan\" \/>\n<meta property=\"article:modified_time\" content=\"2023-02-06T00:06:11+00:00\" \/>\n<meta property=\"og:image\" content=\"https:\/\/juicechan.net\/wp-content\/uploads\/2020\/03\/headerjuicechan.png\" \/>\n\t<meta property=\"og:image:width\" content=\"1024\" \/>\n\t<meta property=\"og:image:height\" content=\"334\" \/>\n\t<meta property=\"og:image:type\" content=\"image\/png\" \/>\n<meta name=\"twitter:card\" content=\"summary_large_image\" \/>\n<meta name=\"twitter:label1\" content=\"Est. tempo de leitura\" \/>\n\t<meta name=\"twitter:data1\" content=\"1 minuto\" \/>\n<script type=\"application\/ld+json\" class=\"yoast-schema-graph\">{\"@context\":\"https:\\\/\\\/schema.org\",\"@graph\":[{\"@type\":\"WebPage\",\"@id\":\"https:\\\/\\\/juicechan.net\\\/contato\\\/\",\"url\":\"https:\\\/\\\/juicechan.net\\\/contato\\\/\",\"name\":\"Contato - Caiu na Net Amadoras Videos e FotosContato - JuiceChan Fotos Amadoras Caiu na Net\",\"isPartOf\":{\"@id\":\"https:\\\/\\\/juicechan.net\\\/#website\"},\"datePublished\":\"2016-06-23T19:53:52+00:00\",\"dateModified\":\"2023-02-06T00:06:11+00:00\",\"description\":\"Nosso Site\u00a0cont\u00e9m conte\u00fado destinado a maiores de idade, portanto ao acessar o site e continuar nele voc\u00ea est\u00e1 concordando que tem mais de 18 anos de\",\"breadcrumb\":{\"@id\":\"https:\\\/\\\/juicechan.net\\\/contato\\\/#breadcrumb\"},\"inLanguage\":\"pt-BR\",\"potentialAction\":[{\"@type\":\"ReadAction\",\"target\":[\"https:\\\/\\\/juicechan.net\\\/contato\\\/\"]}]},{\"@type\":\"BreadcrumbList\",\"@id\":\"https:\\\/\\\/juicechan.net\\\/contato\\\/#breadcrumb\",\"itemListElement\":[{\"@type\":\"ListItem\",\"position\":1,\"name\":\"In\u00edcio\",\"item\":\"https:\\\/\\\/juicechan.net\\\/\"},{\"@type\":\"ListItem\",\"position\":2,\"name\":\"Contato\"}]},{\"@type\":\"WebSite\",\"@id\":\"https:\\\/\\\/juicechan.net\\\/#website\",\"url\":\"https:\\\/\\\/juicechan.net\\\/\",\"name\":\"JuiceChan\",\"description\":\"Os melhores v\u00eddeos porno, fotos amadoras, fotos pornos, fotos de sexo, gostosas, caiu na net, novinhas, ninfetas, Videos amadores, Whatsapp, Sexo, Morenas, Ruivas , Loiras, Gostosas amadoras.\",\"publisher\":{\"@id\":\"https:\\\/\\\/juicechan.net\\\/#organization\"},\"potentialAction\":[{\"@type\":\"SearchAction\",\"target\":{\"@type\":\"EntryPoint\",\"urlTemplate\":\"https:\\\/\\\/juicechan.net\\\/?s={search_term_string}\"},\"query-input\":{\"@type\":\"PropertyValueSpecification\",\"valueRequired\":true,\"valueName\":\"search_term_string\"}}],\"inLanguage\":\"pt-BR\"},{\"@type\":\"Organization\",\"@id\":\"https:\\\/\\\/juicechan.net\\\/#organization\",\"name\":\"JuiceChan\",\"url\":\"https:\\\/\\\/juicechan.net\\\/\",\"logo\":{\"@type\":\"ImageObject\",\"inLanguage\":\"pt-BR\",\"@id\":\"https:\\\/\\\/juicechan.net\\\/#\\\/schema\\\/logo\\\/image\\\/\",\"url\":\"https:\\\/\\\/juicechan.net\\\/wp-content\\\/uploads\\\/2020\\\/03\\\/logo-topo.png\",\"contentUrl\":\"https:\\\/\\\/juicechan.net\\\/wp-content\\\/uploads\\\/2020\\\/03\\\/logo-topo.png\",\"width\":251,\"height\":204,\"caption\":\"JuiceChan\"},\"image\":{\"@id\":\"https:\\\/\\\/juicechan.net\\\/#\\\/schema\\\/logo\\\/image\\\/\"}}]}<\/script>\n<!-- \/ Yoast SEO plugin. -->","yoast_head_json":{"title":"Contato - Caiu Na Net Amadoras Videos E FotosContato - JuiceChan Fotos Amadoras Caiu Na Net","description":"Nosso Site\u00a0cont\u00e9m conte\u00fado destinado a maiores de idade, portanto ao acessar o site e continuar nele voc\u00ea est\u00e1 concordando que tem mais de 18 anos de","robots":{"index":"index","follow":"follow","max-snippet":"max-snippet:-1","max-image-preview":"max-image-preview:large","max-video-preview":"max-video-preview:-1"},"canonical":"https:\/\/juicechan.net\/contato\/","og_locale":"pt_BR","og_type":"article","og_title":"Contato - Caiu na Net Amadoras Videos e FotosContato - JuiceChan Fotos Amadoras Caiu na Net","og_description":"Nosso Site\u00a0cont\u00e9m conte\u00fado destinado a maiores de idade, portanto ao acessar o site e continuar nele voc\u00ea est\u00e1 concordando que tem mais de 18 anos de","og_url":"https:\/\/juicechan.net\/contato\/","og_site_name":"JuiceChan","article_modified_time":"2023-02-06T00:06:11+00:00","og_image":[{"width":1024,"height":334,"url":"https:\/\/juicechan.net\/wp-content\/uploads\/2020\/03\/headerjuicechan.png","type":"image\/png"}],"twitter_card":"summary_large_image","twitter_misc":{"Est. tempo de leitura":"1 minuto"},"schema":{"@context":"https:\/\/schema.org","@graph":[{"@type":"WebPage","@id":"https:\/\/juicechan.net\/contato\/","url":"https:\/\/juicechan.net\/contato\/","name":"Contato - Caiu na Net Amadoras Videos e FotosContato - JuiceChan Fotos Amadoras Caiu na Net","isPartOf":{"@id":"https:\/\/juicechan.net\/#website"},"datePublished":"2016-06-23T19:53:52+00:00","dateModified":"2023-02-06T00:06:11+00:00","description":"Nosso Site\u00a0cont\u00e9m conte\u00fado destinado a maiores de idade, portanto ao acessar o site e continuar nele voc\u00ea est\u00e1 concordando que tem mais de 18 anos de","breadcrumb":{"@id":"https:\/\/juicechan.net\/contato\/#breadcrumb"},"inLanguage":"pt-BR","potentialAction":[{"@type":"ReadAction","target":["https:\/\/juicechan.net\/contato\/"]}]},{"@type":"BreadcrumbList","@id":"https:\/\/juicechan.net\/contato\/#breadcrumb","itemListElement":[{"@type":"ListItem","position":1,"name":"In\u00edcio","item":"https:\/\/juicechan.net\/"},{"@type":"ListItem","position":2,"name":"Contato"}]},{"@type":"WebSite","@id":"https:\/\/juicechan.net\/#website","url":"https:\/\/juicechan.net\/","name":"JuiceChan","description":"Os melhores v\u00eddeos porno, fotos amadoras, fotos pornos, fotos de sexo, gostosas, caiu na net, novinhas, ninfetas, Videos amadores, Whatsapp, Sexo, Morenas, Ruivas , Loiras, Gostosas amadoras.","publisher":{"@id":"https:\/\/juicechan.net\/#organization"},"potentialAction":[{"@type":"SearchAction","target":{"@type":"EntryPoint","urlTemplate":"https:\/\/juicechan.net\/?s={search_term_string}"},"query-input":{"@type":"PropertyValueSpecification","valueRequired":true,"valueName":"search_term_string"}}],"inLanguage":"pt-BR"},{"@type":"Organization","@id":"https:\/\/juicechan.net\/#organization","name":"JuiceChan","url":"https:\/\/juicechan.net\/","logo":{"@type":"ImageObject","inLanguage":"pt-BR","@id":"https:\/\/juicechan.net\/#\/schema\/logo\/image\/","url":"https:\/\/juicechan.net\/wp-content\/uploads\/2020\/03\/logo-topo.png","contentUrl":"https:\/\/juicechan.net\/wp-content\/uploads\/2020\/03\/logo-topo.png","width":251,"height":204,"caption":"JuiceChan"},"image":{"@id":"https:\/\/juicechan.net\/#\/schema\/logo\/image\/"}}]}},"_links":{"self":[{"href":"https:\/\/juicechan.net\/wp-json\/wp\/v2\/pages\/118902","targetHints":{"allow":["GET"]}}],"collection":[{"href":"https:\/\/juicechan.net\/wp-json\/wp\/v2\/pages"}],"about":[{"href":"https:\/\/juicechan.net\/wp-json\/wp\/v2\/types\/page"}],"author":[{"embeddable":true,"href":"https:\/\/juicechan.net\/wp-json\/wp\/v2\/users\/2"}],"replies":[{"embeddable":true,"href":"https:\/\/juicechan.net\/wp-json\/wp\/v2\/comments?post=118902"}],"version-history":[{"count":4,"href":"https:\/\/juicechan.net\/wp-json\/wp\/v2\/pages\/118902\/revisions"}],"predecessor-version":[{"id":131021,"href":"https:\/\/juicechan.net\/wp-json\/wp\/v2\/pages\/118902\/revisions\/131021"}],"wp:attachment":[{"href":"https:\/\/juicechan.net\/wp-json\/wp\/v2\/media?parent=118902"}],"curies":[{"name":"wp","href":"https:\/\/api.w.org\/{rel}","templated":true}]}}